{"id":482,"date":"2023-07-04T13:25:53","date_gmt":"2023-07-04T11:25:53","guid":{"rendered":"https:\/\/www.plte-strecno.sk\/zasady-pouzivania-suborov-cookie-eu\/"},"modified":"2023-07-04T13:25:56","modified_gmt":"2023-07-04T11:25:56","slug":"zasady-pouzivania-suborov-cookie-eu","status":"publish","type":"page","link":"https:\/\/www.plte-strecno.sk\/en\/zasady-pouzivania-suborov-cookie-eu\/","title":{"rendered":"Z\u00e1sady pou\u017e\u00edvania s\u00faborov cookie (E\u00da)"},"content":{"rendered":"Region EU not activated for cookie-statement.","protected":false},"excerpt":{"rendered":"","protected":false},"author":3,"featured_media":0,"parent":0,"menu_order":0,"comment_status":"closed","ping_status":"closed","template":"","meta":{"footnotes":""},"class_list":["post-482","page","type-page","status-publish","hentry"],"_links":{"self":[{"href":"https:\/\/www.plte-strecno.sk\/en\/wp-json\/wp\/v2\/pages\/482","targetHints":{"allow":["GET"]}}],"collection":[{"href":"https:\/\/www.plte-strecno.sk\/en\/wp-json\/wp\/v2\/pages"}],"about":[{"href":"https:\/\/www.plte-strecno.sk\/en\/wp-json\/wp\/v2\/types\/page"}],"author":[{"embeddable":true,"href":"https:\/\/www.plte-strecno.sk\/en\/wp-json\/wp\/v2\/users\/3"}],"replies":[{"embeddable":true,"href":"https:\/\/www.plte-strecno.sk\/en\/wp-json\/wp\/v2\/comments?post=482"}],"version-history":[{"count":1,"href":"https:\/\/www.plte-strecno.sk\/en\/wp-json\/wp\/v2\/pages\/482\/revisions"}],"predecessor-version":[{"id":483,"href":"https:\/\/www.plte-strecno.sk\/en\/wp-json\/wp\/v2\/pages\/482\/revisions\/483"}],"wp:attachment":[{"href":"https:\/\/www.plte-strecno.sk\/en\/wp-json\/wp\/v2\/media?parent=482"}],"curies":[{"name":"wp","href":"https:\/\/api.w.org\/{rel}","templated":true}]}}